{"id":109,"date":"2020-01-29T22:44:05","date_gmt":"2020-01-30T00:44:05","guid":{"rendered":"http:\/\/www.wald.com.br\/?page_id=109"},"modified":"2026-03-27T09:39:48","modified_gmt":"2026-03-27T12:39:48","slug":"compliance","status":"publish","type":"page","link":"https:\/\/www.wald.com.br\/en\/compliance\/","title":{"rendered":"Compliance"},"content":{"rendered":"<div class=\"wpb-content-wrapper\"><p><\/p>\n<p>[vc_row][vc_column][vc_column_text]<\/p>\n<p>[\/vc_column_text][\/vc_column][\/vc_row][vc_row][vc_column width=&#8221;1\/2&#8243;][vc_column_text css=&#8221;&#8221;]<\/p>\n<p style=\"text-align: center;\"><span style=\"font-size: 20px;\"><strong>Codes and certificates<\/strong><\/span><\/p>\n<p style=\"text-align: center;\"><a href=\"https:\/\/www.wald.com.br\/wp-content\/uploads\/2025\/02\/4o-Revisao-Codigo-de-Etica-e-Conduta.pdf\" target=\"_blank\" rel=\"noopener noreferrer\"><span style=\"font-size: 20px;\">Code of Ethics and Conduct<\/span><\/a><\/p>\n<p style=\"text-align: center;\"><a href=\"https:\/\/www.wald.com.br\/wp-content\/uploads\/2023\/06\/Codigo_de_conduta-Wald-Fornecedor.pdf\" target=\"_blank\" rel=\"noopener noreferrer\"><span style=\"font-size: 20px;\">Supplier Code of Ethics and Conduct<\/span><\/a><\/p>\n<p style=\"text-align: center;\"><span style=\"font-size: 20px;\"><a href=\"https:\/\/www.wald.com.br\/wp-content\/uploads\/2026\/03\/Site-Certificados.png\" target=\"_blank\" rel=\"noopener noreferrer\">Compliance Certificate<\/a><\/span><\/p>\n<p>[\/vc_column_text][\/vc_column][vc_column width=&#8221;1\/2&#8243;][vc_column_text]<\/p>\n<p style=\"text-align: center;\"><span style=\"font-size: 20px;\"><strong>Reporting channel<\/strong><\/span><\/p>\n<p style=\"text-align: center;\"><a href=\"http:\/\/www.contatoconfidencial.com.br\/wald\" target=\"_blank\" rel=\"noopener noreferrer\"><span style=\"font-size: 20px;\">www.contatoconfidencial.com.br\/wald<\/span><\/a><\/p>\n<p><img loading=\"lazy\" decoding=\"async\" class=\"wp-image-962 aligncenter\" src=\"https:\/\/www.wald.com.br\/wp-content\/uploads\/2020\/04\/channel-ing.jpg\" alt=\"\" width=\"367\" height=\"134\" srcset=\"https:\/\/www.wald.com.br\/wp-content\/uploads\/2020\/04\/channel-ing.jpg 914w, https:\/\/www.wald.com.br\/wp-content\/uploads\/2020\/04\/channel-ing-300x109.jpg 300w, https:\/\/www.wald.com.br\/wp-content\/uploads\/2020\/04\/channel-ing-768x280.jpg 768w\" sizes=\"auto, (max-width: 367px) 100vw, 367px\" \/><\/p>\n<p>[\/vc_column_text][\/vc_column][\/vc_row][vc_row][vc_column][vc_column_text]<\/p>\n<p>[\/vc_column_text][\/vc_column][\/vc_row]<\/p>\n<p><\/p>\n<\/div>","protected":false},"excerpt":{"rendered":"<p>[vc_row][vc_column][vc_column_text] [\/vc_column_text][\/vc_column][\/vc_row][vc_row][vc_column width=&#8221;1\/2&#8243;][vc_column_text css=&#8221;&#8221;] Codes and certificates Code of Ethics and Conduct Supplier Code of Ethics and Conduct Compliance Certificate [\/vc_column_text][\/vc_column][vc_column width=&#8221;1\/2&#8243;][vc_column_text] Reporting channel www.contatoconfidencial.com.br\/wald [\/vc_column_text][\/vc_column][\/vc_row][vc_row][vc_column][vc_column_text] [\/vc_column_text][\/vc_column][\/vc_row]<\/p>\n","protected":false},"author":1,"featured_media":0,"parent":0,"menu_order":0,"comment_status":"closed","ping_status":"closed","template":"page-visual-composer.php","meta":{"_acf_changed":false,"footnotes":""},"class_list":["post-109","page","type-page","status-publish","hentry"],"acf":[],"yoast_head":"<!-- This site is optimized with the Yoast SEO plugin v27.5 - https:\/\/yoast.com\/product\/yoast-seo-wordpress\/ -->\n<title>Compliance | Wald Advogados<\/title>\n<meta name=\"description\" content=\"Conhe\u00e7a os c\u00f3digos de \u00e9tica e conduta que balizam todas as a\u00e7\u00f5es da equipe do Wald, Antunes, Vita e Blattner Advogados.\" \/>\n<meta name=\"robots\" content=\"index, follow, max-snippet:-1, max-image-preview:large, max-video-preview:-1\" \/>\n<link rel=\"canonical\" href=\"https:\/\/www.wald.com.br\/compliance\/\" \/>\n<meta property=\"og:locale\" content=\"en_US\" \/>\n<meta property=\"og:type\" content=\"article\" \/>\n<meta property=\"og:title\" content=\"Compliance | Wald Advogados\" \/>\n<meta property=\"og:description\" content=\"{:pb}Conhe\u00e7a os c\u00f3digos de \u00e9tica e conduta que balizam todas as a\u00e7\u00f5es da equipe do Wald, Antunes, Vita, Longo e Blattner Advogados.{:en}Conhe\u00e7a os c\u00f3digos de \u00e9tica e conduta que balizam todas as a\u00e7\u00f5es da equipe do Wald, Antunes, Vita e Blattner Advogados.{:}\" \/>\n<meta property=\"og:url\" content=\"https:\/\/www.wald.com.br\/compliance\/\" \/>\n<meta property=\"og:site_name\" content=\"Wald Advogados\" \/>\n<meta property=\"article:modified_time\" content=\"2026-03-27T12:39:48+00:00\" \/>\n<meta property=\"og:image\" content=\"https:\/\/www.wald.com.br\/wp-content\/uploads\/2020\/01\/certificados.png\" \/>\n\t<meta property=\"og:image:width\" content=\"914\" \/>\n\t<meta property=\"og:image:height\" content=\"333\" \/>\n\t<meta property=\"og:image:type\" content=\"image\/png\" \/>\n<meta name=\"twitter:card\" content=\"summary_large_image\" \/>\n<meta name=\"twitter:label1\" content=\"Est. reading time\" \/>\n\t<meta name=\"twitter:data1\" content=\"1 minute\" \/>\n<script type=\"application\/ld+json\" class=\"yoast-schema-graph\">{\"@context\":\"https:\\\/\\\/schema.org\",\"@graph\":[{\"@type\":\"WebPage\",\"@id\":\"https:\\\/\\\/www.wald.com.br\\\/compliance\\\/\",\"url\":\"https:\\\/\\\/www.wald.com.br\\\/compliance\\\/\",\"name\":\"Compliance | Wald Advogados\",\"isPartOf\":{\"@id\":\"https:\\\/\\\/www.wald.com.br\\\/en\\\/#website\"},\"primaryImageOfPage\":{\"@id\":\"https:\\\/\\\/www.wald.com.br\\\/compliance\\\/#primaryimage\"},\"image\":{\"@id\":\"https:\\\/\\\/www.wald.com.br\\\/compliance\\\/#primaryimage\"},\"thumbnailUrl\":\"https:\\\/\\\/www.wald.com.br\\\/wp-content\\\/uploads\\\/2021\\\/03\\\/compliance-port.png\",\"datePublished\":\"2020-01-30T00:44:05+00:00\",\"dateModified\":\"2026-03-27T12:39:48+00:00\",\"description\":\"{:pb}Conhe\u00e7a os c\u00f3digos de \u00e9tica e conduta que balizam todas as a\u00e7\u00f5es da equipe do Wald, Antunes, Vita, Longo e Blattner Advogados.{:en}Conhe\u00e7a os c\u00f3digos de \u00e9tica e conduta que balizam todas as a\u00e7\u00f5es da equipe do Wald, Antunes, Vita e Blattner Advogados.{:}\",\"breadcrumb\":{\"@id\":\"https:\\\/\\\/www.wald.com.br\\\/compliance\\\/#breadcrumb\"},\"inLanguage\":\"en-US\",\"potentialAction\":[{\"@type\":\"ReadAction\",\"target\":[\"https:\\\/\\\/www.wald.com.br\\\/compliance\\\/\"]}]},{\"@type\":\"ImageObject\",\"inLanguage\":\"en-US\",\"@id\":\"https:\\\/\\\/www.wald.com.br\\\/compliance\\\/#primaryimage\",\"url\":\"https:\\\/\\\/www.wald.com.br\\\/wp-content\\\/uploads\\\/2021\\\/03\\\/compliance-port.png\",\"contentUrl\":\"https:\\\/\\\/www.wald.com.br\\\/wp-content\\\/uploads\\\/2021\\\/03\\\/compliance-port.png\"},{\"@type\":\"BreadcrumbList\",\"@id\":\"https:\\\/\\\/www.wald.com.br\\\/compliance\\\/#breadcrumb\",\"itemListElement\":[{\"@type\":\"ListItem\",\"position\":1,\"name\":\"In\u00edcio\",\"item\":\"https:\\\/\\\/www.wald.com.br\\\/\"},{\"@type\":\"ListItem\",\"position\":2,\"name\":\"Compliance\"}]},{\"@type\":\"WebSite\",\"@id\":\"https:\\\/\\\/www.wald.com.br\\\/en\\\/#website\",\"url\":\"https:\\\/\\\/www.wald.com.br\\\/en\\\/\",\"name\":\"Wald Advogados\",\"description\":\"66 years of leading law practice\",\"publisher\":{\"@id\":\"https:\\\/\\\/www.wald.com.br\\\/en\\\/#organization\"},\"potentialAction\":[{\"@type\":\"SearchAction\",\"target\":{\"@type\":\"EntryPoint\",\"urlTemplate\":\"https:\\\/\\\/www.wald.com.br\\\/en\\\/?s={search_term_string}\"},\"query-input\":{\"@type\":\"PropertyValueSpecification\",\"valueRequired\":true,\"valueName\":\"search_term_string\"}}],\"inLanguage\":\"en-US\"},{\"@type\":\"Organization\",\"@id\":\"https:\\\/\\\/www.wald.com.br\\\/en\\\/#organization\",\"name\":\"Wald, Antunes, Vita, Longo e Blattner Advogados\",\"url\":\"https:\\\/\\\/www.wald.com.br\\\/en\\\/\",\"logo\":{\"@type\":\"ImageObject\",\"inLanguage\":\"en-US\",\"@id\":\"https:\\\/\\\/www.wald.com.br\\\/en\\\/#\\\/schema\\\/logo\\\/image\\\/\",\"url\":\"https:\\\/\\\/www.wald.com.br\\\/wp-content\\\/uploads\\\/2020\\\/02\\\/Logo_Wald.png\",\"contentUrl\":\"https:\\\/\\\/www.wald.com.br\\\/wp-content\\\/uploads\\\/2020\\\/02\\\/Logo_Wald.png\",\"width\":5260,\"height\":2565,\"caption\":\"Wald, Antunes, Vita, Longo e Blattner Advogados\"},\"image\":{\"@id\":\"https:\\\/\\\/www.wald.com.br\\\/en\\\/#\\\/schema\\\/logo\\\/image\\\/\"},\"sameAs\":[\"https:\\\/\\\/www.linkedin.com\\\/company\\\/wald\"]}]}<\/script>\n<!-- \/ Yoast SEO plugin. -->","yoast_head_json":{"title":"Compliance | Wald Advogados","description":"Conhe\u00e7a os c\u00f3digos de \u00e9tica e conduta que balizam todas as a\u00e7\u00f5es da equipe do Wald, Antunes, Vita e Blattner Advogados.","robots":{"index":"index","follow":"follow","max-snippet":"max-snippet:-1","max-image-preview":"max-image-preview:large","max-video-preview":"max-video-preview:-1"},"canonical":"https:\/\/www.wald.com.br\/compliance\/","og_locale":"en_US","og_type":"article","og_title":"Compliance | Wald Advogados","og_description":"{:pb}Conhe\u00e7a os c\u00f3digos de \u00e9tica e conduta que balizam todas as a\u00e7\u00f5es da equipe do Wald, Antunes, Vita, Longo e Blattner Advogados.{:en}Conhe\u00e7a os c\u00f3digos de \u00e9tica e conduta que balizam todas as a\u00e7\u00f5es da equipe do Wald, Antunes, Vita e Blattner Advogados.{:}","og_url":"https:\/\/www.wald.com.br\/compliance\/","og_site_name":"Wald Advogados","article_modified_time":"2026-03-27T12:39:48+00:00","og_image":[{"width":914,"height":333,"url":"https:\/\/www.wald.com.br\/wp-content\/uploads\/2020\/01\/certificados.png","type":"image\/png"}],"twitter_card":"summary_large_image","twitter_misc":{"Est. reading time":"1 minute"},"schema":{"@context":"https:\/\/schema.org","@graph":[{"@type":"WebPage","@id":"https:\/\/www.wald.com.br\/compliance\/","url":"https:\/\/www.wald.com.br\/compliance\/","name":"Compliance | Wald Advogados","isPartOf":{"@id":"https:\/\/www.wald.com.br\/en\/#website"},"primaryImageOfPage":{"@id":"https:\/\/www.wald.com.br\/compliance\/#primaryimage"},"image":{"@id":"https:\/\/www.wald.com.br\/compliance\/#primaryimage"},"thumbnailUrl":"https:\/\/www.wald.com.br\/wp-content\/uploads\/2021\/03\/compliance-port.png","datePublished":"2020-01-30T00:44:05+00:00","dateModified":"2026-03-27T12:39:48+00:00","description":"{:pb}Conhe\u00e7a os c\u00f3digos de \u00e9tica e conduta que balizam todas as a\u00e7\u00f5es da equipe do Wald, Antunes, Vita, Longo e Blattner Advogados.{:en}Conhe\u00e7a os c\u00f3digos de \u00e9tica e conduta que balizam todas as a\u00e7\u00f5es da equipe do Wald, Antunes, Vita e Blattner Advogados.{:}","breadcrumb":{"@id":"https:\/\/www.wald.com.br\/compliance\/#breadcrumb"},"inLanguage":"en-US","potentialAction":[{"@type":"ReadAction","target":["https:\/\/www.wald.com.br\/compliance\/"]}]},{"@type":"ImageObject","inLanguage":"en-US","@id":"https:\/\/www.wald.com.br\/compliance\/#primaryimage","url":"https:\/\/www.wald.com.br\/wp-content\/uploads\/2021\/03\/compliance-port.png","contentUrl":"https:\/\/www.wald.com.br\/wp-content\/uploads\/2021\/03\/compliance-port.png"},{"@type":"BreadcrumbList","@id":"https:\/\/www.wald.com.br\/compliance\/#breadcrumb","itemListElement":[{"@type":"ListItem","position":1,"name":"In\u00edcio","item":"https:\/\/www.wald.com.br\/"},{"@type":"ListItem","position":2,"name":"Compliance"}]},{"@type":"WebSite","@id":"https:\/\/www.wald.com.br\/en\/#website","url":"https:\/\/www.wald.com.br\/en\/","name":"Wald Advogados","description":"66 years of leading law practice","publisher":{"@id":"https:\/\/www.wald.com.br\/en\/#organization"},"potentialAction":[{"@type":"SearchAction","target":{"@type":"EntryPoint","urlTemplate":"https:\/\/www.wald.com.br\/en\/?s={search_term_string}"},"query-input":{"@type":"PropertyValueSpecification","valueRequired":true,"valueName":"search_term_string"}}],"inLanguage":"en-US"},{"@type":"Organization","@id":"https:\/\/www.wald.com.br\/en\/#organization","name":"Wald, Antunes, Vita, Longo e Blattner Advogados","url":"https:\/\/www.wald.com.br\/en\/","logo":{"@type":"ImageObject","inLanguage":"en-US","@id":"https:\/\/www.wald.com.br\/en\/#\/schema\/logo\/image\/","url":"https:\/\/www.wald.com.br\/wp-content\/uploads\/2020\/02\/Logo_Wald.png","contentUrl":"https:\/\/www.wald.com.br\/wp-content\/uploads\/2020\/02\/Logo_Wald.png","width":5260,"height":2565,"caption":"Wald, Antunes, Vita, Longo e Blattner Advogados"},"image":{"@id":"https:\/\/www.wald.com.br\/en\/#\/schema\/logo\/image\/"},"sameAs":["https:\/\/www.linkedin.com\/company\/wald"]}]}},"_links":{"self":[{"href":"https:\/\/www.wald.com.br\/en\/wp-json\/wp\/v2\/pages\/109","targetHints":{"allow":["GET"]}}],"collection":[{"href":"https:\/\/www.wald.com.br\/en\/wp-json\/wp\/v2\/pages"}],"about":[{"href":"https:\/\/www.wald.com.br\/en\/wp-json\/wp\/v2\/types\/page"}],"author":[{"embeddable":true,"href":"https:\/\/www.wald.com.br\/en\/wp-json\/wp\/v2\/users\/1"}],"replies":[{"embeddable":true,"href":"https:\/\/www.wald.com.br\/en\/wp-json\/wp\/v2\/comments?post=109"}],"version-history":[{"count":19,"href":"https:\/\/www.wald.com.br\/en\/wp-json\/wp\/v2\/pages\/109\/revisions"}],"predecessor-version":[{"id":2452,"href":"https:\/\/www.wald.com.br\/en\/wp-json\/wp\/v2\/pages\/109\/revisions\/2452"}],"wp:attachment":[{"href":"https:\/\/www.wald.com.br\/en\/wp-json\/wp\/v2\/media?parent=109"}],"curies":[{"name":"wp","href":"https:\/\/api.w.org\/{rel}","templated":true}]}}